{"id":333,"date":"2024-04-04T05:42:35","date_gmt":"2024-04-04T03:42:35","guid":{"rendered":"https:\/\/olivedrab-gerbil-764377.hostingersite.com\/?page_id=333"},"modified":"2026-03-13T00:27:48","modified_gmt":"2026-03-12T23:27:48","slug":"bags","status":"publish","type":"page","link":"https:\/\/infinityrainbow.store\/index.php\/bags\/","title":{"rendered":"bags"},"content":{"rendered":"\t\t<div data-elementor-type=\"wp-page\" data-elementor-id=\"333\" class=\"elementor elementor-333\">\n\t\t\t\t<div class=\"elementor-element elementor-element-8c8c0d8 e-flex e-con-boxed e-con e-parent\" data-id=\"8c8c0d8\" data-element_type=\"container\" data-e-type=\"container\" data-settings=\"{&quot;background_background&quot;:&quot;classic&quot;}\">\n\t\t\t\t\t<div class=\"e-con-inner\">\n\t\t\t\t<div class=\"elementor-element elementor-element-36b7b87 elementor-widget elementor-widget-heading\" data-id=\"36b7b87\" data-element_type=\"widget\" data-e-type=\"widget\" data-widget_type=\"heading.default\">\n\t\t\t\t<div class=\"elementor-widget-container\">\n\t\t\t\t\t<h2 class=\"elementor-heading-title elementor-size-default\">Borse<\/h2>\t\t\t\t<\/div>\n\t\t\t\t<\/div>\n\t\t\t\t\t<\/div>\n\t\t\t\t<\/div>\n\t\t<div class=\"elementor-element elementor-element-0816028 e-flex e-con-boxed e-con e-parent\" data-id=\"0816028\" data-element_type=\"container\" data-e-type=\"container\" data-settings=\"{&quot;background_background&quot;:&quot;classic&quot;}\">\n\t\t\t\t\t<div class=\"e-con-inner\">\n\t\t\t\t<div class=\"elementor-element elementor-element-8772d9a elementor-widget elementor-widget-heading\" data-id=\"8772d9a\" data-element_type=\"widget\" data-e-type=\"widget\" data-widget_type=\"heading.default\">\n\t\t\t\t<div class=\"elementor-widget-container\">\n\t\t\t\t\t<h2 class=\"elementor-heading-title elementor-size-default\">Scopri la nostra splendida collezione di borse.<\/h2>\t\t\t\t<\/div>\n\t\t\t\t<\/div>\n\t\t\t\t\t<\/div>\n\t\t\t\t<\/div>\n\t\t<div class=\"elementor-element elementor-element-67ff45b e-flex e-con-boxed e-con e-parent\" data-id=\"67ff45b\" data-element_type=\"container\" data-e-type=\"container\" data-settings=\"{&quot;background_background&quot;:&quot;classic&quot;}\">\n\t\t\t\t\t<div class=\"e-con-inner\">\n\t\t<div class=\"elementor-element elementor-element-404c4dd e-con-full e-flex e-con e-child\" data-id=\"404c4dd\" data-element_type=\"container\" data-e-type=\"container\">\n\t\t\t\t<div class=\"elementor-element elementor-element-a1ff72a elementor-widget elementor-widget-image\" data-id=\"a1ff72a\" data-element_type=\"widget\" data-e-type=\"widget\" data-widget_type=\"image.default\">\n\t\t\t\t<div class=\"elementor-widget-container\">\n\t\t\t\t\t\t\t\t\t\t\t\t\t\t\t<img fetchpriority=\"high\" decoding=\"async\" width=\"1024\" height=\"766\" src=\"https:\/\/infinityrainbow.store\/wp-content\/uploads\/2024\/04\/WhatsApp-Image-2024-03-31-at-2.22.48-PM-1024x766.jpeg\" class=\"attachment-large size-large wp-image-364\" alt=\"\" srcset=\"https:\/\/infinityrainbow.store\/wp-content\/uploads\/2024\/04\/WhatsApp-Image-2024-03-31-at-2.22.48-PM-1024x766.jpeg 1024w, https:\/\/infinityrainbow.store\/wp-content\/uploads\/2024\/04\/WhatsApp-Image-2024-03-31-at-2.22.48-PM-300x224.jpeg 300w, https:\/\/infinityrainbow.store\/wp-content\/uploads\/2024\/04\/WhatsApp-Image-2024-03-31-at-2.22.48-PM-768x574.jpeg 768w, https:\/\/infinityrainbow.store\/wp-content\/uploads\/2024\/04\/WhatsApp-Image-2024-03-31-at-2.22.48-PM-1536x1149.jpeg 1536w, https:\/\/infinityrainbow.store\/wp-content\/uploads\/2024\/04\/WhatsApp-Image-2024-03-31-at-2.22.48-PM-600x449.jpeg 600w, https:\/\/infinityrainbow.store\/wp-content\/uploads\/2024\/04\/WhatsApp-Image-2024-03-31-at-2.22.48-PM.jpeg 2000w\" sizes=\"(max-width: 1024px) 100vw, 1024px\" \/>\t\t\t\t\t\t\t\t\t\t\t\t\t\t\t<\/div>\n\t\t\t\t<\/div>\n\t\t\t\t<\/div>\n\t\t<div class=\"elementor-element elementor-element-7dd5468 e-con-full e-flex e-con e-child\" data-id=\"7dd5468\" data-element_type=\"container\" data-e-type=\"container\">\n\t\t\t\t<div class=\"elementor-element elementor-element-e45412f elementor-widget elementor-widget-heading\" data-id=\"e45412f\" data-element_type=\"widget\" data-e-type=\"widget\" data-widget_type=\"heading.default\">\n\t\t\t\t<div class=\"elementor-widget-container\">\n\t\t\t\t\t<h2 class=\"elementor-heading-title elementor-size-default\">Benvenuti nella nostra squisita collezione di borse, dove lo stile incontra la funzionalit\u00e0 nel modo pi\u00f9 elegante. Ogni borsa della nostra collezione \u00e8 realizzata con cura meticolosa utilizzando materiali di prima qualit\u00e0 e prestando attenzione ai dettagli, garantendo sia durabilit\u00e0 che sofisticatezza.<\/h2>\t\t\t\t<\/div>\n\t\t\t\t<\/div>\n\t\t\t\t<\/div>\n\t\t\t\t\t<\/div>\n\t\t\t\t<\/div>\n\t\t<div class=\"elementor-element elementor-element-c6946f8 e-flex e-con-boxed e-con e-parent\" data-id=\"c6946f8\" data-element_type=\"container\" data-e-type=\"container\" data-settings=\"{&quot;background_background&quot;:&quot;classic&quot;}\">\n\t\t\t\t\t<div class=\"e-con-inner\">\n\t\t\t\t<div class=\"elementor-element elementor-element-d7a8f22 elementor-widget elementor-widget-heading\" data-id=\"d7a8f22\" data-element_type=\"widget\" data-e-type=\"widget\" data-widget_type=\"heading.default\">\n\t\t\t\t<div class=\"elementor-widget-container\">\n\t\t\t\t\t<h2 class=\"elementor-heading-title elementor-size-default\">Scopri le Nuove Arrivate<\/h2>\t\t\t\t<\/div>\n\t\t\t\t<\/div>\n\t\t\t\t<div class=\"elementor-element elementor-element-2882004 elementor-widget elementor-widget-heading\" data-id=\"2882004\" data-element_type=\"widget\" data-e-type=\"widget\" data-widget_type=\"heading.default\">\n\t\t\t\t<div class=\"elementor-widget-container\">\n\t\t\t\t\t<h2 class=\"elementor-heading-title elementor-size-default\">Dalle eleganti borse a tracolla perfette per un uso quotidiano alle lussuose tote in pelle ideali per occasioni speciali, la nostra collezione di borse offre qualcosa per ogni stile e esigenza. Che tu preferisca i classici senza tempo o i design contemporanei, troverai la borsa perfetta per completare il tuo guardaroba qui.<\/h2>\t\t\t\t<\/div>\n\t\t\t\t<\/div>\n\t\t\t\t\t<\/div>\n\t\t\t\t<\/div>\n\t\t<div class=\"elementor-element elementor-element-039e6c6 e-flex e-con-boxed e-con e-parent\" data-id=\"039e6c6\" data-element_type=\"container\" data-e-type=\"container\" data-settings=\"{&quot;background_background&quot;:&quot;classic&quot;}\">\n\t\t\t\t\t<div class=\"e-con-inner\">\n\t\t<div class=\"elementor-element elementor-element-709ece8 e-con-full e-flex e-con e-child\" data-id=\"709ece8\" data-element_type=\"container\" data-e-type=\"container\">\n\t\t\t\t<div class=\"elementor-element elementor-element-6697390 elementor-widget elementor-widget-image\" data-id=\"6697390\" data-element_type=\"widget\" data-e-type=\"widget\" data-widget_type=\"image.default\">\n\t\t\t\t<div class=\"elementor-widget-container\">\n\t\t\t\t\t\t\t\t\t\t\t\t\t\t\t<img decoding=\"async\" width=\"1024\" height=\"1024\" src=\"https:\/\/infinityrainbow.store\/wp-content\/uploads\/2024\/04\/WhatsApp-Image-2024-03-10-at-10.48.30-5-12-1024x1024.png\" class=\"attachment-large size-large wp-image-366\" alt=\"\" srcset=\"https:\/\/infinityrainbow.store\/wp-content\/uploads\/2024\/04\/WhatsApp-Image-2024-03-10-at-10.48.30-5-12-1024x1024.png 1024w, https:\/\/infinityrainbow.store\/wp-content\/uploads\/2024\/04\/WhatsApp-Image-2024-03-10-at-10.48.30-5-12-300x300.png 300w, https:\/\/infinityrainbow.store\/wp-content\/uploads\/2024\/04\/WhatsApp-Image-2024-03-10-at-10.48.30-5-12-150x150.png 150w, https:\/\/infinityrainbow.store\/wp-content\/uploads\/2024\/04\/WhatsApp-Image-2024-03-10-at-10.48.30-5-12-768x768.png 768w, https:\/\/infinityrainbow.store\/wp-content\/uploads\/2024\/04\/WhatsApp-Image-2024-03-10-at-10.48.30-5-12-600x600.png 600w, https:\/\/infinityrainbow.store\/wp-content\/uploads\/2024\/04\/WhatsApp-Image-2024-03-10-at-10.48.30-5-12-100x100.png 100w, https:\/\/infinityrainbow.store\/wp-content\/uploads\/2024\/04\/WhatsApp-Image-2024-03-10-at-10.48.30-5-12.png 1117w\" sizes=\"(max-width: 1024px) 100vw, 1024px\" \/>\t\t\t\t\t\t\t\t\t\t\t\t\t\t\t<\/div>\n\t\t\t\t<\/div>\n\t\t\t\t<\/div>\n\t\t<div class=\"elementor-element elementor-element-f1d0980 e-con-full e-flex e-con e-child\" data-id=\"f1d0980\" data-element_type=\"container\" data-e-type=\"container\">\n\t\t\t\t<div class=\"elementor-element elementor-element-f077e6f elementor-widget elementor-widget-image\" data-id=\"f077e6f\" data-element_type=\"widget\" data-e-type=\"widget\" data-widget_type=\"image.default\">\n\t\t\t\t<div class=\"elementor-widget-container\">\n\t\t\t\t\t\t\t\t\t\t\t\t\t\t\t<img decoding=\"async\" width=\"1024\" height=\"1024\" src=\"https:\/\/infinityrainbow.store\/wp-content\/uploads\/2024\/04\/WhatsApp-Image-2024-03-10-at-10.48.30-5-11-1024x1024.png\" class=\"attachment-large size-large wp-image-367\" alt=\"\" srcset=\"https:\/\/infinityrainbow.store\/wp-content\/uploads\/2024\/04\/WhatsApp-Image-2024-03-10-at-10.48.30-5-11-1024x1024.png 1024w, https:\/\/infinityrainbow.store\/wp-content\/uploads\/2024\/04\/WhatsApp-Image-2024-03-10-at-10.48.30-5-11-300x300.png 300w, https:\/\/infinityrainbow.store\/wp-content\/uploads\/2024\/04\/WhatsApp-Image-2024-03-10-at-10.48.30-5-11-150x150.png 150w, https:\/\/infinityrainbow.store\/wp-content\/uploads\/2024\/04\/WhatsApp-Image-2024-03-10-at-10.48.30-5-11-768x768.png 768w, https:\/\/infinityrainbow.store\/wp-content\/uploads\/2024\/04\/WhatsApp-Image-2024-03-10-at-10.48.30-5-11-600x600.png 600w, https:\/\/infinityrainbow.store\/wp-content\/uploads\/2024\/04\/WhatsApp-Image-2024-03-10-at-10.48.30-5-11-100x100.png 100w, https:\/\/infinityrainbow.store\/wp-content\/uploads\/2024\/04\/WhatsApp-Image-2024-03-10-at-10.48.30-5-11.png 1117w\" sizes=\"(max-width: 1024px) 100vw, 1024px\" \/>\t\t\t\t\t\t\t\t\t\t\t\t\t\t\t<\/div>\n\t\t\t\t<\/div>\n\t\t\t\t<\/div>\n\t\t<div class=\"elementor-element elementor-element-c08b217 e-con-full e-flex e-con e-child\" data-id=\"c08b217\" data-element_type=\"container\" data-e-type=\"container\">\n\t\t\t\t<div class=\"elementor-element elementor-element-57f8c94 elementor-widget elementor-widget-image\" data-id=\"57f8c94\" data-element_type=\"widget\" data-e-type=\"widget\" data-widget_type=\"image.default\">\n\t\t\t\t<div class=\"elementor-widget-container\">\n\t\t\t\t\t\t\t\t\t\t\t\t\t\t\t<img loading=\"lazy\" decoding=\"async\" width=\"1024\" height=\"1024\" src=\"https:\/\/infinityrainbow.store\/wp-content\/uploads\/2024\/04\/WhatsApp-Image-2024-03-10-at-10.48.30-5-10-1024x1024.png\" class=\"attachment-large size-large wp-image-368\" alt=\"\" srcset=\"https:\/\/infinityrainbow.store\/wp-content\/uploads\/2024\/04\/WhatsApp-Image-2024-03-10-at-10.48.30-5-10-1024x1024.png 1024w, https:\/\/infinityrainbow.store\/wp-content\/uploads\/2024\/04\/WhatsApp-Image-2024-03-10-at-10.48.30-5-10-300x300.png 300w, https:\/\/infinityrainbow.store\/wp-content\/uploads\/2024\/04\/WhatsApp-Image-2024-03-10-at-10.48.30-5-10-150x150.png 150w, https:\/\/infinityrainbow.store\/wp-content\/uploads\/2024\/04\/WhatsApp-Image-2024-03-10-at-10.48.30-5-10-768x768.png 768w, https:\/\/infinityrainbow.store\/wp-content\/uploads\/2024\/04\/WhatsApp-Image-2024-03-10-at-10.48.30-5-10-600x600.png 600w, https:\/\/infinityrainbow.store\/wp-content\/uploads\/2024\/04\/WhatsApp-Image-2024-03-10-at-10.48.30-5-10-100x100.png 100w, https:\/\/infinityrainbow.store\/wp-content\/uploads\/2024\/04\/WhatsApp-Image-2024-03-10-at-10.48.30-5-10.png 1117w\" sizes=\"(max-width: 1024px) 100vw, 1024px\" \/>\t\t\t\t\t\t\t\t\t\t\t\t\t\t\t<\/div>\n\t\t\t\t<\/div>\n\t\t\t\t<\/div>\n\t\t\t\t\t<\/div>\n\t\t\t\t<\/div>\n\t\t<div class=\"elementor-element elementor-element-15c362a e-flex e-con-boxed e-con e-parent\" data-id=\"15c362a\" data-element_type=\"container\" data-e-type=\"container\" data-settings=\"{&quot;background_background&quot;:&quot;classic&quot;}\">\n\t\t\t\t\t<div class=\"e-con-inner\">\n\t\t<div class=\"elementor-element elementor-element-2696f74 e-con-full e-flex e-con e-child\" data-id=\"2696f74\" data-element_type=\"container\" data-e-type=\"container\">\n\t\t\t\t<div class=\"elementor-element elementor-element-a3ccc61 elementor-widget elementor-widget-heading\" data-id=\"a3ccc61\" data-element_type=\"widget\" data-e-type=\"widget\" data-widget_type=\"heading.default\">\n\t\t\t\t<div class=\"elementor-widget-container\">\n\t\t\t\t\t<h2 class=\"elementor-heading-title elementor-size-default\">Qualit\u00e0 su cui puoi fare affidamento<\/h2>\t\t\t\t<\/div>\n\t\t\t\t<\/div>\n\t\t\t\t<div class=\"elementor-element elementor-element-1d25f83 elementor-widget elementor-widget-heading\" data-id=\"1d25f83\" data-element_type=\"widget\" data-e-type=\"widget\" data-widget_type=\"heading.default\">\n\t\t\t\t<div class=\"elementor-widget-container\">\n\t\t\t\t\t<h2 class=\"elementor-heading-title elementor-size-default\">Come tutti i nostri prodotti, le nostre borse sono realizzate con la massima cura e precisione. Realizzate con materiali di alta qualit\u00e0 e dotate di elementi di design ben ponderati, sono progettate per durare nel tempo e diventare accessori preziosi nella tua collezione. <\/h2>\t\t\t\t<\/div>\n\t\t\t\t<\/div>\n\t\t\t\t<\/div>\n\t\t<div class=\"elementor-element elementor-element-305d533 e-con-full e-flex e-con e-child\" data-id=\"305d533\" data-element_type=\"container\" data-e-type=\"container\">\n\t\t\t\t<div class=\"elementor-element elementor-element-2e3b66c elementor-widget elementor-widget-image\" data-id=\"2e3b66c\" data-element_type=\"widget\" data-e-type=\"widget\" data-widget_type=\"image.default\">\n\t\t\t\t<div class=\"elementor-widget-container\">\n\t\t\t\t\t\t\t\t\t\t\t\t\t\t\t<img loading=\"lazy\" decoding=\"async\" width=\"1024\" height=\"1024\" src=\"https:\/\/infinityrainbow.store\/wp-content\/uploads\/2024\/04\/WhatsApp-Image-2024-03-10-at-10.48.30-5-9-1024x1024.png\" class=\"attachment-large size-large wp-image-369\" alt=\"\" srcset=\"https:\/\/infinityrainbow.store\/wp-content\/uploads\/2024\/04\/WhatsApp-Image-2024-03-10-at-10.48.30-5-9-1024x1024.png 1024w, https:\/\/infinityrainbow.store\/wp-content\/uploads\/2024\/04\/WhatsApp-Image-2024-03-10-at-10.48.30-5-9-300x300.png 300w, https:\/\/infinityrainbow.store\/wp-content\/uploads\/2024\/04\/WhatsApp-Image-2024-03-10-at-10.48.30-5-9-150x150.png 150w, https:\/\/infinityrainbow.store\/wp-content\/uploads\/2024\/04\/WhatsApp-Image-2024-03-10-at-10.48.30-5-9-768x768.png 768w, https:\/\/infinityrainbow.store\/wp-content\/uploads\/2024\/04\/WhatsApp-Image-2024-03-10-at-10.48.30-5-9-600x600.png 600w, https:\/\/infinityrainbow.store\/wp-content\/uploads\/2024\/04\/WhatsApp-Image-2024-03-10-at-10.48.30-5-9-100x100.png 100w, https:\/\/infinityrainbow.store\/wp-content\/uploads\/2024\/04\/WhatsApp-Image-2024-03-10-at-10.48.30-5-9.png 1117w\" sizes=\"(max-width: 1024px) 100vw, 1024px\" \/>\t\t\t\t\t\t\t\t\t\t\t\t\t\t\t<\/div>\n\t\t\t\t<\/div>\n\t\t\t\t<\/div>\n\t\t\t\t\t<\/div>\n\t\t\t\t<\/div>\n\t\t\t\t<\/div>\n\t\t","protected":false},"excerpt":{"rendered":"<p>Borse Scopri la nostra splendida collezione di borse. Benvenuti nella nostra squisita collezione di borse, dove lo stile incontra la [&hellip;]<\/p>\n","protected":false},"author":1,"featured_media":0,"parent":0,"menu_order":0,"comment_status":"closed","ping_status":"closed","template":"elementor_header_footer","meta":{"om_disable_all_campaigns":false,"_monsterinsights_skip_tracking":false,"_monsterinsights_sitenote_active":false,"_monsterinsights_sitenote_note":"","_monsterinsights_sitenote_category":0,"site-sidebar-layout":"no-sidebar","site-content-layout":"","ast-site-content-layout":"full-width-container","site-content-style":"default","site-sidebar-style":"default","ast-global-header-display":"","ast-banner-title-visibility":"","ast-main-header-display":"","ast-hfb-above-header-display":"","ast-hfb-below-header-display":"","ast-hfb-mobile-header-display":"","site-post-title":"disabled","ast-breadcrumbs-content":"","ast-featured-img":"disabled","footer-sml-layout":"","ast-disable-related-posts":"","theme-transparent-header-meta":"","adv-header-id-meta":"","stick-header-meta":"","header-above-stick-meta":"","header-main-stick-meta":"","header-below-stick-meta":"","astra-migrate-meta-layouts":"default","ast-page-background-enabled":"default","ast-page-background-meta":{"desktop":{"background-color":"var(--ast-global-color-4)","background-image":"","background-repeat":"repeat","background-position":"center center","background-size":"auto","background-attachment":"scroll","background-type":"","background-media":"","overlay-type":"","overlay-color":"","overlay-opacity":"","overlay-gradient":""},"tablet":{"background-color":"","background-image":"","background-repeat":"repeat","background-position":"center center","background-size":"auto","background-attachment":"scroll","background-type":"","background-media":"","overlay-type":"","overlay-color":"","overlay-opacity":"","overlay-gradient":""},"mobile":{"background-color":"","background-image":"","background-repeat":"repeat","background-position":"center center","background-size":"auto","background-attachment":"scroll","background-type":"","background-media":"","overlay-type":"","overlay-color":"","overlay-opacity":"","overlay-gradient":""}},"ast-content-background-meta":{"desktop":{"background-color":"var(--ast-global-color-5)","background-image":"","background-repeat":"repeat","background-position":"center center","background-size":"auto","background-attachment":"scroll","background-type":"","background-media":"","overlay-type":"","overlay-color":"","overlay-opacity":"","overlay-gradient":""},"tablet":{"background-color":"var(--ast-global-color-5)","background-image":"","background-repeat":"repeat","background-position":"center center","background-size":"auto","background-attachment":"scroll","background-type":"","background-media":"","overlay-type":"","overlay-color":"","overlay-opacity":"","overlay-gradient":""},"mobile":{"background-color":"var(--ast-global-color-5)","background-image":"","background-repeat":"repeat","background-position":"center center","background-size":"auto","background-attachment":"scroll","background-type":"","background-media":"","overlay-type":"","overlay-color":"","overlay-opacity":"","overlay-gradient":""}},"footnotes":""},"class_list":["post-333","page","type-page","status-publish","hentry"],"aioseo_notices":[],"_hostinger_reach_plugin_has_subscription_block":false,"_hostinger_reach_plugin_is_elementor":false,"_links":{"self":[{"href":"https:\/\/infinityrainbow.store\/index.php\/wp-json\/wp\/v2\/pages\/333","targetHints":{"allow":["GET"]}}],"collection":[{"href":"https:\/\/infinityrainbow.store\/index.php\/wp-json\/wp\/v2\/pages"}],"about":[{"href":"https:\/\/infinityrainbow.store\/index.php\/wp-json\/wp\/v2\/types\/page"}],"author":[{"embeddable":true,"href":"https:\/\/infinityrainbow.store\/index.php\/wp-json\/wp\/v2\/users\/1"}],"replies":[{"embeddable":true,"href":"https:\/\/infinityrainbow.store\/index.php\/wp-json\/wp\/v2\/comments?post=333"}],"version-history":[{"count":22,"href":"https:\/\/infinityrainbow.store\/index.php\/wp-json\/wp\/v2\/pages\/333\/revisions"}],"predecessor-version":[{"id":392,"href":"https:\/\/infinityrainbow.store\/index.php\/wp-json\/wp\/v2\/pages\/333\/revisions\/392"}],"wp:attachment":[{"href":"https:\/\/infinityrainbow.store\/index.php\/wp-json\/wp\/v2\/media?parent=333"}],"curies":[{"name":"wp","href":"https:\/\/api.w.org\/{rel}","templated":true}]}}